{"id":1569,"date":"2019-04-01T10:16:03","date_gmt":"2019-04-01T10:16:03","guid":{"rendered":"http:\/\/avantage.omnicom-dev.com\/business\/?page_id=1569"},"modified":"2026-04-11T21:49:31","modified_gmt":"2026-04-11T19:49:31","slug":"about-oguz-consulting","status":"publish","type":"page","link":"https:\/\/oguz-consulting.com\/en\/about-oguz-consulting\/","title":{"rendered":"About"},"content":{"rendered":"<p><section id=\"about-hero\" class=\"bt_bb_section bt_bb_color_scheme_1 bt_bb_layout_wide bt_bb_vertical_align_top bt_bb_top_spacing_medium bt_bb_bottom_spacing_medium\" style=\"; --section-primary-color:#ffffff; --section-secondary-color:#191919;;background-color:#2F4A5C;\" data-bt-override-class=\"null\"><div class=\"bt_bb_port\"><div class=\"bt_bb_cell\"><div class=\"bt_bb_cell_inner\"><div class=\"bt_bb_row\"  data-bt-override-class=\"{}\"><div class=\"bt_bb_row_holder\" style=\"; 0\"><div  class=\"bt_bb_column col-xxl-12 col-xl-12 bt_bb_vertical_align_top bt_bb_align_left bt_bb_padding_normal\" style=\"; --column-width:12;\" data-width=\"12\" data-bt-override-class=\"{}\"><div class=\"bt_bb_column_content\"><div class=\"bt_bb_column_content_inner\"><\/p>\n<style>\n.bt-page-headline { display: none !important; }\n#about-hero .bt_bb_headline h1 { font-size: 44px !important; line-height: 1.2 !important; font-weight: 700 !important; }\n.bt-card-h h4 { font-size: 18px !important; font-weight: 600 !important; margin-bottom: 8px !important; }\n.bt-lead p { font-size: 18px !important; line-height: 1.65 !important; max-width: 760px; margin-left: auto; margin-right: auto; }\n.bt-body p { font-size: 16px !important; line-height: 1.7 !important; }\n.bt-card p { font-size: 15px !important; line-height: 1.6 !important; color: #4a5b6a !important; margin: 0 !important; }\n@media (max-width: 768px) {\n  #about-hero .bt_bb_headline h1 { font-size: 30px !important; }\n}\n<\/style>\n<p><header class=\"bt_bb_headline bt_bb_dash_no bt_bb_size_xlarge bt_bb_align_center\" data-bt-override-class=\"{}\"><h1 class=\"bt_bb_headline_tag\"><span class=\"bt_bb_headline_content\"><span>\u00dcber Oguz Consulting<\/span><\/span><\/h1><\/header><div class=\"bt_bb_separator bt_bb_border_style_none bt_bb_top_spacing_small bt_bb_bottom_spacing_small\" data-bt-override-class=\"null\"><\/div><div  class=\"bt_bb_text bt-lead\" ><\/p>\n<p style=\"text-align:center;\">Wir bauen Cybersecurity-Governance, die im Tagesgesch\u00e4ft funktioniert \u2014 pragmatisch, klar verst\u00e4ndlich und auf Augenh\u00f6he mit Gesch\u00e4ftsf\u00fchrung, IT und Fachbereichen.<\/p>\n<p>\n<\/div><\/div><\/div><\/div><\/div><\/div><\/div><!-- cell_inner --><\/div><!-- cell --><\/div><!-- port --><\/section><section id=\"about-who\" class=\"bt_bb_section bt_bb_layout_wide bt_bb_vertical_align_top bt_bb_top_spacing_small bt_bb_bottom_spacing_small\" style=\";background-color:#FFFFFF;\" data-bt-override-class=\"null\"><div class=\"bt_bb_port\"><div class=\"bt_bb_cell\"><div class=\"bt_bb_cell_inner\"><div class=\"bt_bb_row\"  data-bt-override-class=\"{}\"><div class=\"bt_bb_row_holder\" style=\"; 0\"><div  class=\"bt_bb_column col-xxl-12 col-xl-12 bt_bb_vertical_align_top bt_bb_align_left bt_bb_padding_normal\" style=\"; --column-width:12;\" data-width=\"12\" data-bt-override-class=\"{}\"><div class=\"bt_bb_column_content\"><div class=\"bt_bb_column_content_inner\"><header class=\"bt_bb_headline bt_bb_dash_no bt_bb_size_medium bt_bb_align_center\" data-bt-override-class=\"{}\"><h2 class=\"bt_bb_headline_tag\"><span class=\"bt_bb_headline_content\"><span>Wer wir sind<\/span><\/span><\/h2><\/header><div class=\"bt_bb_separator bt_bb_border_style_none bt_bb_top_spacing_small bt_bb_bottom_spacing_small\" data-bt-override-class=\"null\"><\/div><div  class=\"bt_bb_text bt-body\" ><\/p>\n<p style=\"text-align:center;\">Oguz Consulting ist eine spezialisierte Beratung f\u00fcr Cybersecurity-Governance und digitale Transformation. Wir arbeiten mit mittelst\u00e4ndischen Unternehmen und Konzernen, die ihre Sicherheits- und Compliance-Landschaft so aufstellen wollen, dass sie tats\u00e4chlich gelebt wird \u2014 und nicht nur auf dem Papier existiert.<\/p>\n<p style=\"text-align:center;\">Gegr\u00fcndet wurde Oguz Consulting von H\u00fcseyin Oguz, der \u00fcber 15 Jahre Erfahrung in regulierten Branchen mitbringt \u2014 unter anderem im Aufbau und in der Steuerung von Security-Programmen nach ISO 27001, NIS2 und branchenspezifischen Standards.<\/p>\n<p>\n<\/div><\/div><\/div><\/div><\/div><\/div><\/div><!-- cell_inner --><\/div><!-- cell --><\/div><!-- port --><\/section><section id=\"about-why\" class=\"bt_bb_section bt_bb_layout_wide bt_bb_vertical_align_top bt_bb_top_spacing_small bt_bb_bottom_spacing_small\" style=\";background-color:#F7F7F7;\" data-bt-override-class=\"null\"><div class=\"bt_bb_port\"><div class=\"bt_bb_cell\"><div class=\"bt_bb_cell_inner\"><div class=\"bt_bb_row\"  data-bt-override-class=\"{}\"><div class=\"bt_bb_row_holder\" style=\"; 0\"><div  class=\"bt_bb_column col-xxl-12 col-xl-12 bt_bb_vertical_align_top bt_bb_align_left bt_bb_padding_normal\" style=\"; --column-width:12;\" data-width=\"12\" data-bt-override-class=\"{}\"><div class=\"bt_bb_column_content\"><div class=\"bt_bb_column_content_inner\"><header class=\"bt_bb_headline bt_bb_dash_no bt_bb_size_medium bt_bb_align_center\" data-bt-override-class=\"{}\"><h2 class=\"bt_bb_headline_tag\"><span class=\"bt_bb_headline_content\"><span>Warum Kunden mit uns arbeiten<\/span><\/span><\/h2><\/header><div class=\"bt_bb_separator bt_bb_border_style_none bt_bb_top_spacing_small bt_bb_bottom_spacing_small\" data-bt-override-class=\"null\"><\/div><\/div><\/div><\/div><\/div><\/div><div class=\"bt_bb_row  bt_bb_column_gap_small\"  data-bt-override-class=\"{}\"><div class=\"bt_bb_row_holder\" style=\"; 0\"><div  class=\"bt_bb_column col-xxl-6 col-xl-6 bt_bb_vertical_align_top bt_bb_align_left bt_bb_padding_normal\" style=\"background-color:#ffffff;padding:32px 28px;border-radius:2px;box-shadow:0 2px 14px rgba(15,35,55,0.07);; --column-width:6;\" data-width=\"6\" data-bt-override-class=\"{}\"><div class=\"bt_bb_column_content\"><div class=\"bt_bb_column_content_inner\"><header class=\"bt_bb_headline bt_bb_dash_no bt_bb_size_small bt_bb_align_left\" data-bt-override-class=\"{}\"><h4 class=\"bt_bb_headline_tag\"><span class=\"bt_bb_headline_content\"><span>Wir reden Klartext<\/span><\/span><\/h4><\/header><div  class=\"bt_bb_text bt-card\" ><\/p>\n<p>Keine Buzzwords, keine Hochglanz-Folien. Wir sagen offen, was funktioniert, was nicht und warum.<\/p>\n<p>\n<\/div><\/div><\/div><\/div><div  class=\"bt_bb_column col-xxl-6 col-xl-6 bt_bb_vertical_align_top bt_bb_align_left bt_bb_padding_normal\" style=\"background-color:#ffffff;padding:32px 28px;border-radius:2px;box-shadow:0 2px 14px rgba(15,35,55,0.07);; --column-width:6;\" data-width=\"6\" data-bt-override-class=\"{}\"><div class=\"bt_bb_column_content\"><div class=\"bt_bb_column_content_inner\"><header class=\"bt_bb_headline bt_bb_dash_no bt_bb_size_small bt_bb_align_left\" data-bt-override-class=\"{}\"><h4 class=\"bt_bb_headline_tag\"><span class=\"bt_bb_headline_content\"><span>Wir bleiben dran<\/span><\/span><\/h4><\/header><div  class=\"bt_bb_text bt-card\" ><\/p>\n<p>Unsere Arbeit endet nicht beim Konzept. Wir begleiten die Umsetzung, bis Governance im Alltag verankert ist.<\/p>\n<p>\n<\/div><\/div><\/div><\/div><\/div><\/div><div class=\"bt_bb_separator bt_bb_border_style_none bt_bb_top_spacing_small bt_bb_bottom_spacing_small\" data-bt-override-class=\"null\"><\/div><div class=\"bt_bb_row  bt_bb_column_gap_small\"  data-bt-override-class=\"{}\"><div class=\"bt_bb_row_holder\" style=\"; 0\"><div  class=\"bt_bb_column col-xxl-6 col-xl-6 bt_bb_vertical_align_top bt_bb_align_left bt_bb_padding_normal\" style=\"background-color:#ffffff;padding:32px 28px;border-radius:2px;box-shadow:0 2px 14px rgba(15,35,55,0.07);; --column-width:6;\" data-width=\"6\" data-bt-override-class=\"{}\"><div class=\"bt_bb_column_content\"><div class=\"bt_bb_column_content_inner\"><header class=\"bt_bb_headline bt_bb_dash_no bt_bb_size_small bt_bb_align_left\" data-bt-override-class=\"{}\"><h4 class=\"bt_bb_headline_tag\"><span class=\"bt_bb_headline_content\"><span>Wir verstehen das Gesch\u00e4ft<\/span><\/span><\/h4><\/header><div  class=\"bt_bb_text bt-card\" ><\/p>\n<p>Security darf das Gesch\u00e4ft nicht ausbremsen. Wir entwickeln L\u00f6sungen, die zur Realit\u00e4t Ihrer Organisation passen.<\/p>\n<p>\n<\/div><\/div><\/div><\/div><div  class=\"bt_bb_column col-xxl-6 col-xl-6 bt_bb_vertical_align_top bt_bb_align_left bt_bb_padding_normal\" style=\"background-color:#ffffff;padding:32px 28px;border-radius:2px;box-shadow:0 2px 14px rgba(15,35,55,0.07);; --column-width:6;\" data-width=\"6\" data-bt-override-class=\"{}\"><div class=\"bt_bb_column_content\"><div class=\"bt_bb_column_content_inner\"><header class=\"bt_bb_headline bt_bb_dash_no bt_bb_size_small bt_bb_align_left\" data-bt-override-class=\"{}\"><h4 class=\"bt_bb_headline_tag\"><span class=\"bt_bb_headline_content\"><span>Wir arbeiten unabh\u00e4ngig<\/span><\/span><\/h4><\/header><div  class=\"bt_bb_text bt-card\" ><\/p>\n<p>Wir verkaufen keine Tools, keine Lizenzen, keine Abh\u00e4ngigkeiten. Unser einziges Interesse ist Ihr Ergebnis.<\/p>\n<p>\n<\/div><\/div><\/div><\/div><\/div><\/div><\/div><!-- cell_inner --><\/div><!-- cell --><\/div><!-- port --><\/section><section id=\"about-values\" class=\"bt_bb_section bt_bb_layout_wide bt_bb_vertical_align_top bt_bb_top_spacing_small bt_bb_bottom_spacing_small\" style=\";background-color:#FFFFFF;\" data-bt-override-class=\"null\"><div class=\"bt_bb_port\"><div class=\"bt_bb_cell\"><div class=\"bt_bb_cell_inner\"><div class=\"bt_bb_row\"  data-bt-override-class=\"{}\"><div class=\"bt_bb_row_holder\" style=\"; 0\"><div  class=\"bt_bb_column col-xxl-12 col-xl-12 bt_bb_vertical_align_top bt_bb_align_left bt_bb_padding_normal\" style=\"; --column-width:12;\" data-width=\"12\" data-bt-override-class=\"{}\"><div class=\"bt_bb_column_content\"><div class=\"bt_bb_column_content_inner\"><header class=\"bt_bb_headline bt_bb_dash_no bt_bb_size_medium bt_bb_align_center\" data-bt-override-class=\"{}\"><h2 class=\"bt_bb_headline_tag\"><span class=\"bt_bb_headline_content\"><span>Wof\u00fcr wir stehen<\/span><\/span><\/h2><\/header><div class=\"bt_bb_separator bt_bb_border_style_none bt_bb_top_spacing_small bt_bb_bottom_spacing_small\" data-bt-override-class=\"null\"><\/div><\/div><\/div><\/div><\/div><\/div><div class=\"bt_bb_row  bt_bb_column_gap_small\"  data-bt-override-class=\"{}\"><div class=\"bt_bb_row_holder\" style=\"; 0\"><div  class=\"bt_bb_column col-xxl-4 col-xl-4 bt_bb_vertical_align_top bt_bb_align_left bt_bb_padding_normal\" style=\"background-color:#ffffff;padding:32px 28px;border-radius:2px;box-shadow:0 2px 14px rgba(15,35,55,0.07);; --column-width:4;\" data-width=\"4\" data-bt-override-class=\"{}\"><div class=\"bt_bb_column_content\"><div class=\"bt_bb_column_content_inner\"><header class=\"bt_bb_headline bt_bb_dash_no bt_bb_size_small bt_bb_align_left\" data-bt-override-class=\"{}\"><h4 class=\"bt_bb_headline_tag\"><span class=\"bt_bb_headline_content\"><span>Pragmatismus<\/span><\/span><\/h4><\/header><div  class=\"bt_bb_text bt-card\" ><\/p>\n<p>Wir liefern, was tats\u00e4chlich wirkt \u2014 nicht das theoretisch maximale Konzept.<\/p>\n<p>\n<\/div><\/div><\/div><\/div><div  class=\"bt_bb_column col-xxl-4 col-xl-4 bt_bb_vertical_align_top bt_bb_align_left bt_bb_padding_normal\" style=\"background-color:#ffffff;padding:32px 28px;border-radius:2px;box-shadow:0 2px 14px rgba(15,35,55,0.07);; --column-width:4;\" data-width=\"4\" data-bt-override-class=\"{}\"><div class=\"bt_bb_column_content\"><div class=\"bt_bb_column_content_inner\"><header class=\"bt_bb_headline bt_bb_dash_no bt_bb_size_small bt_bb_align_left\" data-bt-override-class=\"{}\"><h4 class=\"bt_bb_headline_tag\"><span class=\"bt_bb_headline_content\"><span>Klarheit<\/span><\/span><\/h4><\/header><div  class=\"bt_bb_text bt-card\" ><\/p>\n<p>Komplexe Regulatorik so erkl\u00e4rt, dass Vorstand und Fachbereich sie verstehen.<\/p>\n<p>\n<\/div><\/div><\/div><\/div><div  class=\"bt_bb_column col-xxl-4 col-xl-4 bt_bb_vertical_align_top bt_bb_align_left bt_bb_padding_normal\" style=\"background-color:#ffffff;padding:32px 28px;border-radius:2px;box-shadow:0 2px 14px rgba(15,35,55,0.07);; --column-width:4;\" data-width=\"4\" data-bt-override-class=\"{}\"><div class=\"bt_bb_column_content\"><div class=\"bt_bb_column_content_inner\"><header class=\"bt_bb_headline bt_bb_dash_no bt_bb_size_small bt_bb_align_left\" data-bt-override-class=\"{}\"><h4 class=\"bt_bb_headline_tag\"><span class=\"bt_bb_headline_content\"><span>Verbindlichkeit<\/span><\/span><\/h4><\/header><div  class=\"bt_bb_text bt-card\" ><\/p>\n<p>Wir versprechen nur, was wir halten \u2014 und halten, was wir versprechen.<\/p>\n<p>\n<\/div><\/div><\/div><\/div><\/div><\/div><\/div><!-- cell_inner --><\/div><!-- cell --><\/div><!-- port --><\/section><section id=\"about-help\" class=\"bt_bb_section bt_bb_layout_wide bt_bb_vertical_align_top bt_bb_top_spacing_small bt_bb_bottom_spacing_small\" style=\";background-color:#F7F7F7;\" data-bt-override-class=\"null\"><div class=\"bt_bb_port\"><div class=\"bt_bb_cell\"><div class=\"bt_bb_cell_inner\"><div class=\"bt_bb_row\"  data-bt-override-class=\"{}\"><div class=\"bt_bb_row_holder\" style=\"; 0\"><div  class=\"bt_bb_column col-xxl-12 col-xl-12 bt_bb_vertical_align_top bt_bb_align_left bt_bb_padding_normal\" style=\"; --column-width:12;\" data-width=\"12\" data-bt-override-class=\"{}\"><div class=\"bt_bb_column_content\"><div class=\"bt_bb_column_content_inner\"><header class=\"bt_bb_headline bt_bb_dash_no bt_bb_size_medium bt_bb_align_center\" data-bt-override-class=\"{}\"><h2 class=\"bt_bb_headline_tag\"><span class=\"bt_bb_headline_content\"><span>Womit wir helfen<\/span><\/span><\/h2><\/header><div class=\"bt_bb_separator bt_bb_border_style_none bt_bb_top_spacing_small bt_bb_bottom_spacing_small\" data-bt-override-class=\"null\"><\/div><div  class=\"bt_bb_text bt-lead\" ><\/p>\n<p style=\"text-align:center;\">Zwei Schwerpunkte, die in der Praxis Hand in Hand gehen:<\/p>\n<p>\n<\/div><div class=\"bt_bb_separator bt_bb_border_style_none bt_bb_top_spacing_small bt_bb_bottom_spacing_small\" data-bt-override-class=\"null\"><\/div><\/div><\/div><\/div><\/div><\/div><div class=\"bt_bb_row  bt_bb_column_gap_small\"  data-bt-override-class=\"{}\"><div class=\"bt_bb_row_holder\" style=\"; 0\"><div  class=\"bt_bb_column col-xxl-6 col-xl-6 bt_bb_vertical_align_top bt_bb_align_left bt_bb_padding_normal\" style=\"background-color:#ffffff;padding:32px 28px;border-radius:2px;box-shadow:0 2px 14px rgba(15,35,55,0.07);; --column-width:6;\" data-width=\"6\" data-bt-override-class=\"{}\"><div class=\"bt_bb_column_content\"><div class=\"bt_bb_column_content_inner\"><header class=\"bt_bb_headline bt_bb_dash_no bt_bb_size_small bt_bb_align_left\" data-bt-override-class=\"{}\"><h4 class=\"bt_bb_headline_tag\"><span class=\"bt_bb_headline_content\"><span>Cybersecurity-Governance<\/span><\/span><\/h4><\/header><div  class=\"bt_bb_text bt-card\" ><\/p>\n<p>Wir bauen tragf\u00e4hige Governance-Strukturen f\u00fcr ISO 27001, NIS2 und andere Standards \u2014 von der Standortbestimmung bis zur konzernweiten Einf\u00fchrung.<\/p>\n<p>\n<\/div><\/div><\/div><\/div><div  class=\"bt_bb_column col-xxl-6 col-xl-6 bt_bb_vertical_align_top bt_bb_align_left bt_bb_padding_normal\" style=\"background-color:#ffffff;padding:32px 28px;border-radius:2px;box-shadow:0 2px 14px rgba(15,35,55,0.07);; --column-width:6;\" data-width=\"6\" data-bt-override-class=\"{}\"><div class=\"bt_bb_column_content\"><div class=\"bt_bb_column_content_inner\"><header class=\"bt_bb_headline bt_bb_dash_no bt_bb_size_small bt_bb_align_left\" data-bt-override-class=\"{}\"><h4 class=\"bt_bb_headline_tag\"><span class=\"bt_bb_headline_content\"><span>Digitale Transformation<\/span><\/span><\/h4><\/header><div  class=\"bt_bb_text bt-card\" ><\/p>\n<p>Wir begleiten Ver\u00e4nderungsvorhaben in IT und Organisation \u2014 mit Fokus auf das, was wirklich umgesetzt werden muss.<\/p>\n<p>\n<\/div><\/div><\/div><\/div><\/div><\/div><\/div><!-- cell_inner --><\/div><!-- cell --><\/div><!-- port --><\/section><section id=\"about-cta\" class=\"bt_bb_section bt_bb_color_scheme_1 bt_bb_layout_wide bt_bb_vertical_align_top bt_bb_top_spacing_medium bt_bb_bottom_spacing_medium\" style=\"; --section-primary-color:#ffffff; --section-secondary-color:#191919;;background-color:#2F4A5C;\" data-bt-override-class=\"null\"><div class=\"bt_bb_port\"><div class=\"bt_bb_cell\"><div class=\"bt_bb_cell_inner\"><div class=\"bt_bb_row\"  data-bt-override-class=\"{}\"><div class=\"bt_bb_row_holder\" style=\"; 0\"><div  class=\"bt_bb_column col-xxl-12 col-xl-12 bt_bb_vertical_align_top bt_bb_align_left bt_bb_padding_normal\" style=\"; --column-width:12;\" data-width=\"12\" data-bt-override-class=\"{}\"><div class=\"bt_bb_column_content\"><div class=\"bt_bb_column_content_inner\"><header class=\"bt_bb_headline bt_bb_dash_no bt_bb_size_large bt_bb_align_center\" data-bt-override-class=\"{}\"><h2 class=\"bt_bb_headline_tag\"><span class=\"bt_bb_headline_content\"><span>Lassen Sie uns kurz sprechen<\/span><\/span><\/h2><\/header><div class=\"bt_bb_separator bt_bb_border_style_none bt_bb_top_spacing_small bt_bb_bottom_spacing_small\" data-bt-override-class=\"null\"><\/div><div  class=\"bt_bb_text bt-lead\" ><\/p>\n<p style=\"text-align:center;\">30 Minuten, kostenlos und unverbindlich. Wir h\u00f6ren zu und sagen Ihnen offen, ob wir die richtigen Partner f\u00fcr Ihre Situation sind.<\/p>\n<p>\n<\/div><div class=\"bt_bb_separator bt_bb_border_style_none bt_bb_top_spacing_small bt_bb_bottom_spacing_small\" data-bt-override-class=\"null\"><\/div><\/p>\n<div style=\"text-align:center;\"><div class=\"bt_bb_button bt_bb_color_scheme_6 bt_bb_icon_position_right bt_bb_style_filled bt_bb_size_medium bt_bb_width_inline bt_bb_shape_inherit bt_bb_target_blank bt_bb_align_inherit\" style=\"; --primary-color:#ffffff; --secondary-color:#e94d65;\" data-bt-override-class=\"{}\"><a href=\"https:\/\/zeeg.me\/husoguz\/30min-meeting\" target=\"_blank\" class=\"bt_bb_link\" title=\"Kostenloses Erstgespr\u00e4ch buchen\"><span class=\"bt_bb_button_text\" >Kostenloses Erstgespr\u00e4ch buchen<\/span><\/a><\/div><\/div>\n<p><\/div><\/div><\/div><\/div><\/div><\/div><!-- cell_inner --><\/div><!-- cell --><\/div><!-- port --><\/section><\/p>","protected":false},"excerpt":{"rendered":"<p>Completely synergize resource taxing relationships via premier niche markets. Professionally cultivate one-to-one customer service with robust ideas. Dynamically innovate resource-leveling customer service for state of the art customer service.<\/p>","protected":false},"author":2,"featured_media":1824,"parent":0,"menu_order":0,"comment_status":"closed","ping_status":"closed","template":"","meta":{"footnotes":""},"class_list":["post-1569","page","type-page","status-publish","has-post-thumbnail","hentry"],"_links":{"self":[{"href":"https:\/\/oguz-consulting.com\/en\/wp-json\/wp\/v2\/pages\/1569","targetHints":{"allow":["GET"]}}],"collection":[{"href":"https:\/\/oguz-consulting.com\/en\/wp-json\/wp\/v2\/pages"}],"about":[{"href":"https:\/\/oguz-consulting.com\/en\/wp-json\/wp\/v2\/types\/page"}],"author":[{"embeddable":true,"href":"https:\/\/oguz-consulting.com\/en\/wp-json\/wp\/v2\/users\/2"}],"replies":[{"embeddable":true,"href":"https:\/\/oguz-consulting.com\/en\/wp-json\/wp\/v2\/comments?post=1569"}],"version-history":[{"count":26,"href":"https:\/\/oguz-consulting.com\/en\/wp-json\/wp\/v2\/pages\/1569\/revisions"}],"predecessor-version":[{"id":2723,"href":"https:\/\/oguz-consulting.com\/en\/wp-json\/wp\/v2\/pages\/1569\/revisions\/2723"}],"wp:featuredmedia":[{"embeddable":true,"href":"https:\/\/oguz-consulting.com\/en\/wp-json\/wp\/v2\/media\/1824"}],"wp:attachment":[{"href":"https:\/\/oguz-consulting.com\/en\/wp-json\/wp\/v2\/media?parent=1569"}],"curies":[{"name":"wp","href":"https:\/\/api.w.org\/{rel}","templated":true}]}}