{"id":2334,"date":"2019-12-18T16:18:10","date_gmt":"2019-12-18T15:18:10","guid":{"rendered":"http:\/\/oguz-consulting.com\/?page_id=2334"},"modified":"2026-04-11T21:52:31","modified_gmt":"2026-04-11T19:52:31","slug":"digital-transformation","status":"publish","type":"page","link":"https:\/\/oguz-consulting.com\/en\/digital-transformation\/","title":{"rendered":"Digital Transformation"},"content":{"rendered":"<p><section id=\"dt-hero\" class=\"bt_bb_section bt_bb_color_scheme_1 bt_bb_layout_wide bt_bb_vertical_align_top bt_bb_top_spacing_medium bt_bb_bottom_spacing_medium\" style=\"; --section-primary-color:#ffffff; --section-secondary-color:#191919;;background-color:#2F4A5C;\" data-bt-override-class=\"null\"><div class=\"bt_bb_port\"><div class=\"bt_bb_cell\"><div class=\"bt_bb_cell_inner\"><div class=\"bt_bb_row\"  data-bt-override-class=\"{}\"><div class=\"bt_bb_row_holder\" style=\"; 0\"><div  class=\"bt_bb_column col-xxl-12 col-xl-12 bt_bb_vertical_align_top bt_bb_align_left bt_bb_padding_normal\" style=\"; --column-width:12;\" data-width=\"12\" data-bt-override-class=\"{}\"><div class=\"bt_bb_column_content\"><div class=\"bt_bb_column_content_inner\"><\/p>\n<style>\n.bt-page-headline { display: none !important; }\n#dt-hero .bt_bb_headline h1 { font-size: 44px !important; line-height: 1.2 !important; font-weight: 700 !important; }\n.bt-card-h h4 { font-size: 18px !important; font-weight: 600 !important; margin-bottom: 8px !important; }\n.bt-lead p { font-size: 18px !important; line-height: 1.65 !important; max-width: 760px; margin-left: auto; margin-right: auto; }\n.bt-card p { font-size: 15px !important; line-height: 1.6 !important; color: #4a5b6a !important; margin: 0 !important; }\n.bt-step-num h4 { color: #D45C63 !important; font-size: 32px !important; font-weight: 700 !important; margin-bottom: 4px !important; }\n@media (max-width: 768px) { #dt-hero .bt_bb_headline h1 { font-size: 30px !important; } }\n<\/style>\n<p><header class=\"bt_bb_headline bt_bb_dash_no bt_bb_size_xlarge bt_bb_align_center\" data-bt-override-class=\"{}\"><h1 class=\"bt_bb_headline_tag\"><span class=\"bt_bb_headline_content\"><span>Digitale Transformation<\/span><\/span><\/h1><\/header><div class=\"bt_bb_separator bt_bb_border_style_none bt_bb_top_spacing_small bt_bb_bottom_spacing_small\" data-bt-override-class=\"null\"><\/div><div  class=\"bt_bb_text bt-lead\" ><\/p>\n<p style=\"text-align:center;\">Wir begleiten Ver\u00e4nderungsvorhaben in IT und Organisation \u2014 mit Fokus auf das, was wirklich umgesetzt werden muss, statt auf das, was sich gut pr\u00e4sentieren l\u00e4sst.<\/p>\n<p>\n<\/div><\/div><\/div><\/div><\/div><\/div><\/div><!-- cell_inner --><\/div><!-- cell --><\/div><!-- port --><\/section><section id=\"dt-problem\" class=\"bt_bb_section bt_bb_layout_wide bt_bb_vertical_align_top bt_bb_top_spacing_small bt_bb_bottom_spacing_small\" style=\";background-color:#F7F7F7;\" data-bt-override-class=\"null\"><div class=\"bt_bb_port\"><div class=\"bt_bb_cell\"><div class=\"bt_bb_cell_inner\"><div class=\"bt_bb_row\"  data-bt-override-class=\"{}\"><div class=\"bt_bb_row_holder\" style=\"; 0\"><div  class=\"bt_bb_column col-xxl-12 col-xl-12 bt_bb_vertical_align_top bt_bb_align_left bt_bb_padding_normal\" style=\"; --column-width:12;\" data-width=\"12\" data-bt-override-class=\"{}\"><div class=\"bt_bb_column_content\"><div class=\"bt_bb_column_content_inner\"><header class=\"bt_bb_headline bt_bb_dash_no bt_bb_size_medium bt_bb_align_center\" data-bt-override-class=\"{}\"><h2 class=\"bt_bb_headline_tag\"><span class=\"bt_bb_headline_content\"><span>Wo Transformation scheitert<\/span><\/span><\/h2><\/header><div class=\"bt_bb_separator bt_bb_border_style_none bt_bb_top_spacing_small bt_bb_bottom_spacing_small\" data-bt-override-class=\"null\"><\/div><div  class=\"bt_bb_text bt-lead\" ><\/p>\n<p style=\"text-align:center;\">Die meisten Vorhaben scheitern nicht an der Technologie \u2014 sondern daran, dass diese vier Punkte nicht stimmen:<\/p>\n<p>\n<\/div><div class=\"bt_bb_separator bt_bb_border_style_none bt_bb_top_spacing_small bt_bb_bottom_spacing_small\" data-bt-override-class=\"null\"><\/div><\/div><\/div><\/div><\/div><\/div><div class=\"bt_bb_row  bt_bb_column_gap_small\"  data-bt-override-class=\"{}\"><div class=\"bt_bb_row_holder\" style=\"; 0\"><div  class=\"bt_bb_column col-xxl-6 col-xl-6 bt_bb_vertical_align_top bt_bb_align_left bt_bb_padding_normal\" style=\"background-color:#ffffff;padding:32px 28px;border-radius:2px;box-shadow:0 2px 14px rgba(15,35,55,0.07);; --column-width:6;\" data-width=\"6\" data-bt-override-class=\"{}\"><div class=\"bt_bb_column_content\"><div class=\"bt_bb_column_content_inner\"><header class=\"bt_bb_headline bt_bb_dash_no bt_bb_size_small bt_bb_align_left\" data-bt-override-class=\"{}\"><h4 class=\"bt_bb_headline_tag\"><span class=\"bt_bb_headline_content\"><span>Strategie ohne Operationalisierung<\/span><\/span><\/h4><\/header><div  class=\"bt_bb_text bt-card\" ><\/p>\n<p>Strategiepapiere und Roadmaps existieren \u2014 aber niemand wei\u00df, was am Montag konkret zu tun ist.<\/p>\n<p>\n<\/div><\/div><\/div><\/div><div  class=\"bt_bb_column col-xxl-6 col-xl-6 bt_bb_vertical_align_top bt_bb_align_left bt_bb_padding_normal\" style=\"background-color:#ffffff;padding:32px 28px;border-radius:2px;box-shadow:0 2px 14px rgba(15,35,55,0.07);; --column-width:6;\" data-width=\"6\" data-bt-override-class=\"{}\"><div class=\"bt_bb_column_content\"><div class=\"bt_bb_column_content_inner\"><header class=\"bt_bb_headline bt_bb_dash_no bt_bb_size_small bt_bb_align_left\" data-bt-override-class=\"{}\"><h4 class=\"bt_bb_headline_tag\"><span class=\"bt_bb_headline_content\"><span>Programme ohne Steuerung<\/span><\/span><\/h4><\/header><div  class=\"bt_bb_text bt-card\" ><\/p>\n<p>Initiativen laufen parallel, ohne klare Priorisierung, gemeinsame Architektur oder belastbares Reporting.<\/p>\n<p>\n<\/div><\/div><\/div><\/div><\/div><\/div><div class=\"bt_bb_separator bt_bb_border_style_none bt_bb_top_spacing_small bt_bb_bottom_spacing_small\" data-bt-override-class=\"null\"><\/div><div class=\"bt_bb_row  bt_bb_column_gap_small\"  data-bt-override-class=\"{}\"><div class=\"bt_bb_row_holder\" style=\"; 0\"><div  class=\"bt_bb_column col-xxl-6 col-xl-6 bt_bb_vertical_align_top bt_bb_align_left bt_bb_padding_normal\" style=\"background-color:#ffffff;padding:32px 28px;border-radius:2px;box-shadow:0 2px 14px rgba(15,35,55,0.07);; --column-width:6;\" data-width=\"6\" data-bt-override-class=\"{}\"><div class=\"bt_bb_column_content\"><div class=\"bt_bb_column_content_inner\"><header class=\"bt_bb_headline bt_bb_dash_no bt_bb_size_small bt_bb_align_left\" data-bt-override-class=\"{}\"><h4 class=\"bt_bb_headline_tag\"><span class=\"bt_bb_headline_content\"><span>Tool-Einf\u00fchrung statt Ver\u00e4nderung<\/span><\/span><\/h4><\/header><div  class=\"bt_bb_text bt-card\" ><\/p>\n<p>Neue Plattformen werden ausgerollt \u2014 alte Prozesse bleiben. Die Ver\u00e4nderung passiert nie wirklich.<\/p>\n<p>\n<\/div><\/div><\/div><\/div><div  class=\"bt_bb_column col-xxl-6 col-xl-6 bt_bb_vertical_align_top bt_bb_align_left bt_bb_padding_normal\" style=\"background-color:#ffffff;padding:32px 28px;border-radius:2px;box-shadow:0 2px 14px rgba(15,35,55,0.07);; --column-width:6;\" data-width=\"6\" data-bt-override-class=\"{}\"><div class=\"bt_bb_column_content\"><div class=\"bt_bb_column_content_inner\"><header class=\"bt_bb_headline bt_bb_dash_no bt_bb_size_small bt_bb_align_left\" data-bt-override-class=\"{}\"><h4 class=\"bt_bb_headline_tag\"><span class=\"bt_bb_headline_content\"><span>Fachbereich und IT reden aneinander vorbei<\/span><\/span><\/h4><\/header><div  class=\"bt_bb_text bt-card\" ><\/p>\n<p>Anforderungen werden missverstanden, L\u00f6sungen entstehen am Bedarf vorbei. Frust auf beiden Seiten.<\/p>\n<p>\n<\/div><\/div><\/div><\/div><\/div><\/div><\/div><!-- cell_inner --><\/div><!-- cell --><\/div><!-- port --><\/section><section id=\"dt-help\" class=\"bt_bb_section bt_bb_layout_wide bt_bb_vertical_align_top bt_bb_top_spacing_small bt_bb_bottom_spacing_small\" style=\";background-color:#FFFFFF;\" data-bt-override-class=\"null\"><div class=\"bt_bb_port\"><div class=\"bt_bb_cell\"><div class=\"bt_bb_cell_inner\"><div class=\"bt_bb_row\"  data-bt-override-class=\"{}\"><div class=\"bt_bb_row_holder\" style=\"; 0\"><div  class=\"bt_bb_column col-xxl-12 col-xl-12 bt_bb_vertical_align_top bt_bb_align_left bt_bb_padding_normal\" style=\"; --column-width:12;\" data-width=\"12\" data-bt-override-class=\"{}\"><div class=\"bt_bb_column_content\"><div class=\"bt_bb_column_content_inner\"><header class=\"bt_bb_headline bt_bb_dash_no bt_bb_size_medium bt_bb_align_center\" data-bt-override-class=\"{}\"><h2 class=\"bt_bb_headline_tag\"><span class=\"bt_bb_headline_content\"><span>Womit wir konkret helfen<\/span><\/span><\/h2><\/header><div class=\"bt_bb_separator bt_bb_border_style_none bt_bb_top_spacing_small bt_bb_bottom_spacing_small\" data-bt-override-class=\"null\"><\/div><div  class=\"bt_bb_text bt-lead\" ><\/p>\n<p style=\"text-align:center;\">Sechs Kernleistungen entlang des typischen Transformationspfads:<\/p>\n<p>\n<\/div><div class=\"bt_bb_separator bt_bb_border_style_none bt_bb_top_spacing_small bt_bb_bottom_spacing_small\" data-bt-override-class=\"null\"><\/div><\/div><\/div><\/div><\/div><\/div><div class=\"bt_bb_row  bt_bb_column_gap_small\"  data-bt-override-class=\"{}\"><div class=\"bt_bb_row_holder\" style=\"; 0\"><div  class=\"bt_bb_column col-xxl-4 col-xl-4 bt_bb_vertical_align_top bt_bb_align_left bt_bb_padding_normal\" style=\"background-color:#ffffff;padding:32px 28px;border-radius:2px;box-shadow:0 2px 14px rgba(15,35,55,0.07);; --column-width:4;\" data-width=\"4\" data-bt-override-class=\"{}\"><div class=\"bt_bb_column_content\"><div class=\"bt_bb_column_content_inner\"><header class=\"bt_bb_headline bt_bb_dash_no bt_bb_size_small bt_bb_align_left\" data-bt-override-class=\"{}\"><h4 class=\"bt_bb_headline_tag\"><span class=\"bt_bb_headline_content\"><span>Strategie- &amp; Zielbild-Sch\u00e4rfung<\/span><\/span><\/h4><\/header><div  class=\"bt_bb_text bt-card\" ><\/p>\n<p>Wir sch\u00e4rfen Ihr Zielbild, bis es f\u00fcr jede Ebene der Organisation handlungsleitend wird.<\/p>\n<p>\n<\/div><\/div><\/div><\/div><div  class=\"bt_bb_column col-xxl-4 col-xl-4 bt_bb_vertical_align_top bt_bb_align_left bt_bb_padding_normal\" style=\"background-color:#ffffff;padding:32px 28px;border-radius:2px;box-shadow:0 2px 14px rgba(15,35,55,0.07);; --column-width:4;\" data-width=\"4\" data-bt-override-class=\"{}\"><div class=\"bt_bb_column_content\"><div class=\"bt_bb_column_content_inner\"><header class=\"bt_bb_headline bt_bb_dash_no bt_bb_size_small bt_bb_align_left\" data-bt-override-class=\"{}\"><h4 class=\"bt_bb_headline_tag\"><span class=\"bt_bb_headline_content\"><span>Operating-Model-Design<\/span><\/span><\/h4><\/header><div  class=\"bt_bb_text bt-card\" ><\/p>\n<p>Wir gestalten Strukturen, Rollen und Prozesse so, dass sie zur neuen Realit\u00e4t passen \u2014 nicht zur alten.<\/p>\n<p>\n<\/div><\/div><\/div><\/div><div  class=\"bt_bb_column col-xxl-4 col-xl-4 bt_bb_vertical_align_top bt_bb_align_left bt_bb_padding_normal\" style=\"background-color:#ffffff;padding:32px 28px;border-radius:2px;box-shadow:0 2px 14px rgba(15,35,55,0.07);; --column-width:4;\" data-width=\"4\" data-bt-override-class=\"{}\"><div class=\"bt_bb_column_content\"><div class=\"bt_bb_column_content_inner\"><header class=\"bt_bb_headline bt_bb_dash_no bt_bb_size_small bt_bb_align_left\" data-bt-override-class=\"{}\"><h4 class=\"bt_bb_headline_tag\"><span class=\"bt_bb_headline_content\"><span>Programm- &amp; Portfoliosteuerung<\/span><\/span><\/h4><\/header><div  class=\"bt_bb_text bt-card\" ><\/p>\n<p>Wir bringen Ordnung in komplexe Programme \u2014 mit klaren Priorit\u00e4ten, Abh\u00e4ngigkeiten und Statussicht.<\/p>\n<p>\n<\/div><\/div><\/div><\/div><\/div><\/div><div class=\"bt_bb_separator bt_bb_border_style_none bt_bb_top_spacing_small bt_bb_bottom_spacing_small\" data-bt-override-class=\"null\"><\/div><div class=\"bt_bb_row  bt_bb_column_gap_small\"  data-bt-override-class=\"{}\"><div class=\"bt_bb_row_holder\" style=\"; 0\"><div  class=\"bt_bb_column col-xxl-4 col-xl-4 bt_bb_vertical_align_top bt_bb_align_left bt_bb_padding_normal\" style=\"background-color:#ffffff;padding:32px 28px;border-radius:2px;box-shadow:0 2px 14px rgba(15,35,55,0.07);; --column-width:4;\" data-width=\"4\" data-bt-override-class=\"{}\"><div class=\"bt_bb_column_content\"><div class=\"bt_bb_column_content_inner\"><header class=\"bt_bb_headline bt_bb_dash_no bt_bb_size_small bt_bb_align_left\" data-bt-override-class=\"{}\"><h4 class=\"bt_bb_headline_tag\"><span class=\"bt_bb_headline_content\"><span>Change &amp; Bef\u00e4higung<\/span><\/span><\/h4><\/header><div  class=\"bt_bb_text bt-card\" ><\/p>\n<p>Wir entwickeln Teams und F\u00fchrungskr\u00e4fte mit, damit Ver\u00e4nderung nicht an den Menschen vorbeigeht.<\/p>\n<p>\n<\/div><\/div><\/div><\/div><div  class=\"bt_bb_column col-xxl-4 col-xl-4 bt_bb_vertical_align_top bt_bb_align_left bt_bb_padding_normal\" style=\"background-color:#ffffff;padding:32px 28px;border-radius:2px;box-shadow:0 2px 14px rgba(15,35,55,0.07);; --column-width:4;\" data-width=\"4\" data-bt-override-class=\"{}\"><div class=\"bt_bb_column_content\"><div class=\"bt_bb_column_content_inner\"><header class=\"bt_bb_headline bt_bb_dash_no bt_bb_size_small bt_bb_align_left\" data-bt-override-class=\"{}\"><h4 class=\"bt_bb_headline_tag\"><span class=\"bt_bb_headline_content\"><span>Architektur- &amp; Tool-Beratung<\/span><\/span><\/h4><\/header><div  class=\"bt_bb_text bt-card\" ><\/p>\n<p>Wir helfen bei der Auswahl, Bewertung und Einf\u00fchrung von Plattformen \u2014 herstellerunabh\u00e4ngig.<\/p>\n<p>\n<\/div><\/div><\/div><\/div><div  class=\"bt_bb_column col-xxl-4 col-xl-4 bt_bb_vertical_align_top bt_bb_align_left bt_bb_padding_normal\" style=\"background-color:#ffffff;padding:32px 28px;border-radius:2px;box-shadow:0 2px 14px rgba(15,35,55,0.07);; --column-width:4;\" data-width=\"4\" data-bt-override-class=\"{}\"><div class=\"bt_bb_column_content\"><div class=\"bt_bb_column_content_inner\"><header class=\"bt_bb_headline bt_bb_dash_no bt_bb_size_small bt_bb_align_left\" data-bt-override-class=\"{}\"><h4 class=\"bt_bb_headline_tag\"><span class=\"bt_bb_headline_content\"><span>Hands-on-Umsetzungsbegleitung<\/span><\/span><\/h4><\/header><div  class=\"bt_bb_text bt-card\" ><\/p>\n<p>Wir bleiben an Ihrer Seite, bis die Ver\u00e4nderung im Tagesgesch\u00e4ft angekommen ist.<\/p>\n<p>\n<\/div><\/div><\/div><\/div><\/div><\/div><\/div><!-- cell_inner --><\/div><!-- cell --><\/div><!-- port --><\/section><section id=\"dt-how\" class=\"bt_bb_section bt_bb_layout_wide bt_bb_vertical_align_top bt_bb_top_spacing_small bt_bb_bottom_spacing_small\" style=\";background-color:#F7F7F7;\" data-bt-override-class=\"null\"><div class=\"bt_bb_port\"><div class=\"bt_bb_cell\"><div class=\"bt_bb_cell_inner\"><div class=\"bt_bb_row\"  data-bt-override-class=\"{}\"><div class=\"bt_bb_row_holder\" style=\"; 0\"><div  class=\"bt_bb_column col-xxl-12 col-xl-12 bt_bb_vertical_align_top bt_bb_align_left bt_bb_padding_normal\" style=\"; --column-width:12;\" data-width=\"12\" data-bt-override-class=\"{}\"><div class=\"bt_bb_column_content\"><div class=\"bt_bb_column_content_inner\"><header class=\"bt_bb_headline bt_bb_dash_no bt_bb_size_medium bt_bb_align_center\" data-bt-override-class=\"{}\"><h2 class=\"bt_bb_headline_tag\"><span class=\"bt_bb_headline_content\"><span>Wie wir arbeiten<\/span><\/span><\/h2><\/header><div class=\"bt_bb_separator bt_bb_border_style_none bt_bb_top_spacing_small bt_bb_bottom_spacing_small\" data-bt-override-class=\"null\"><\/div><div  class=\"bt_bb_text bt-lead\" ><\/p>\n<p style=\"text-align:center;\">Drei klar abgegrenzte Phasen \u2014 jede mit greifbarem Ergebnis.<\/p>\n<p>\n<\/div><div class=\"bt_bb_separator bt_bb_border_style_none bt_bb_top_spacing_small bt_bb_bottom_spacing_small\" data-bt-override-class=\"null\"><\/div><\/div><\/div><\/div><\/div><\/div><div class=\"bt_bb_row  bt_bb_column_gap_small\"  data-bt-override-class=\"{}\"><div class=\"bt_bb_row_holder\" style=\"; 0\"><div  class=\"bt_bb_column col-xxl-4 col-xl-4 bt_bb_vertical_align_top bt_bb_align_left bt_bb_padding_normal\" style=\"background-color:#ffffff;padding:32px 28px;border-radius:2px;box-shadow:0 2px 14px rgba(15,35,55,0.07);; --column-width:4;\" data-width=\"4\" data-bt-override-class=\"{}\"><div class=\"bt_bb_column_content\"><div class=\"bt_bb_column_content_inner\"><header class=\"bt_bb_headline bt-step-num bt_bb_dash_no bt_bb_size_small bt_bb_align_center bt-step-num\" data-bt-override-class=\"{}\"><h4 class=\"bt_bb_headline_tag\"><span class=\"bt_bb_headline_content\"><span>01<\/span><\/span><\/h4><\/header><header class=\"bt_bb_headline bt_bb_dash_no bt_bb_size_small bt_bb_align_center\" data-bt-override-class=\"{}\"><h4 class=\"bt_bb_headline_tag\"><span class=\"bt_bb_headline_content\"><span>Sortieren<\/span><\/span><\/h4><\/header><div  class=\"bt_bb_text bt-card\" ><\/p>\n<p style=\"text-align:center;\">Wir verstehen, wo Sie stehen, was bisher gelaufen ist und wo es klemmt \u2014 ehrlich und ohne Folklore.<\/p>\n<p>\n<\/div><\/div><\/div><\/div><div  class=\"bt_bb_column col-xxl-4 col-xl-4 bt_bb_vertical_align_top bt_bb_align_left bt_bb_padding_normal\" style=\"background-color:#ffffff;padding:32px 28px;border-radius:2px;box-shadow:0 2px 14px rgba(15,35,55,0.07);; --column-width:4;\" data-width=\"4\" data-bt-override-class=\"{}\"><div class=\"bt_bb_column_content\"><div class=\"bt_bb_column_content_inner\"><header class=\"bt_bb_headline bt-step-num bt_bb_dash_no bt_bb_size_small bt_bb_align_center bt-step-num\" data-bt-override-class=\"{}\"><h4 class=\"bt_bb_headline_tag\"><span class=\"bt_bb_headline_content\"><span>02<\/span><\/span><\/h4><\/header><header class=\"bt_bb_headline bt_bb_dash_no bt_bb_size_small bt_bb_align_center\" data-bt-override-class=\"{}\"><h4 class=\"bt_bb_headline_tag\"><span class=\"bt_bb_headline_content\"><span>Sch\u00e4rfen<\/span><\/span><\/h4><\/header><div  class=\"bt_bb_text bt-card\" ><\/p>\n<p style=\"text-align:center;\">Wir entwickeln gemeinsam ein klares Zielbild, einen realistischen Pfad und tragf\u00e4hige Steuerungsmechanismen.<\/p>\n<p>\n<\/div><\/div><\/div><\/div><div  class=\"bt_bb_column col-xxl-4 col-xl-4 bt_bb_vertical_align_top bt_bb_align_left bt_bb_padding_normal\" style=\"background-color:#ffffff;padding:32px 28px;border-radius:2px;box-shadow:0 2px 14px rgba(15,35,55,0.07);; --column-width:4;\" data-width=\"4\" data-bt-override-class=\"{}\"><div class=\"bt_bb_column_content\"><div class=\"bt_bb_column_content_inner\"><header class=\"bt_bb_headline bt-step-num bt_bb_dash_no bt_bb_size_small bt_bb_align_center bt-step-num\" data-bt-override-class=\"{}\"><h4 class=\"bt_bb_headline_tag\"><span class=\"bt_bb_headline_content\"><span>03<\/span><\/span><\/h4><\/header><header class=\"bt_bb_headline bt_bb_dash_no bt_bb_size_small bt_bb_align_center\" data-bt-override-class=\"{}\"><h4 class=\"bt_bb_headline_tag\"><span class=\"bt_bb_headline_content\"><span>Umsetzen<\/span><\/span><\/h4><\/header><div  class=\"bt_bb_text bt-card\" ><\/p>\n<p style=\"text-align:center;\">Wir begleiten die Umsetzung Schritt f\u00fcr Schritt \u2014 operativ, im Programm und auf Gesch\u00e4ftsf\u00fchrungsebene.<\/p>\n<p>\n<\/div><\/div><\/div><\/div><\/div><\/div><\/div><!-- cell_inner --><\/div><!-- cell --><\/div><!-- port --><\/section><section id=\"dt-get\" class=\"bt_bb_section bt_bb_layout_wide bt_bb_vertical_align_top bt_bb_top_spacing_small bt_bb_bottom_spacing_small\" style=\";background-color:#FFFFFF;\" data-bt-override-class=\"null\"><div class=\"bt_bb_port\"><div class=\"bt_bb_cell\"><div class=\"bt_bb_cell_inner\"><div class=\"bt_bb_row\"  data-bt-override-class=\"{}\"><div class=\"bt_bb_row_holder\" style=\"; 0\"><div  class=\"bt_bb_column col-xxl-12 col-xl-12 bt_bb_vertical_align_top bt_bb_align_left bt_bb_padding_normal\" style=\"; --column-width:12;\" data-width=\"12\" data-bt-override-class=\"{}\"><div class=\"bt_bb_column_content\"><div class=\"bt_bb_column_content_inner\"><header class=\"bt_bb_headline bt_bb_dash_no bt_bb_size_medium bt_bb_align_center\" data-bt-override-class=\"{}\"><h2 class=\"bt_bb_headline_tag\"><span class=\"bt_bb_headline_content\"><span>Was Kunden am Ende haben<\/span><\/span><\/h2><\/header><div class=\"bt_bb_separator bt_bb_border_style_none bt_bb_top_spacing_small bt_bb_bottom_spacing_small\" data-bt-override-class=\"null\"><\/div><\/div><\/div><\/div><\/div><\/div><div class=\"bt_bb_row  bt_bb_column_gap_small\"  data-bt-override-class=\"{}\"><div class=\"bt_bb_row_holder\" style=\"; 0\"><div  class=\"bt_bb_column col-xxl-6 col-xl-6 bt_bb_vertical_align_top bt_bb_align_left bt_bb_padding_normal\" style=\"background-color:#ffffff;padding:32px 28px;border-radius:2px;box-shadow:0 2px 14px rgba(15,35,55,0.07);; --column-width:6;\" data-width=\"6\" data-bt-override-class=\"{}\"><div class=\"bt_bb_column_content\"><div class=\"bt_bb_column_content_inner\"><header class=\"bt_bb_headline bt_bb_dash_no bt_bb_size_small bt_bb_align_left\" data-bt-override-class=\"{}\"><h4 class=\"bt_bb_headline_tag\"><span class=\"bt_bb_headline_content\"><span>Klares Zielbild<\/span><\/span><\/h4><\/header><div  class=\"bt_bb_text bt-card\" ><\/p>\n<p>Ein Zielbild, das vom Vorstand bis zum Team verstanden und akzeptiert ist \u2014 nicht nur in Folien existiert.<\/p>\n<p>\n<\/div><\/div><\/div><\/div><div  class=\"bt_bb_column col-xxl-6 col-xl-6 bt_bb_vertical_align_top bt_bb_align_left bt_bb_padding_normal\" style=\"background-color:#ffffff;padding:32px 28px;border-radius:2px;box-shadow:0 2px 14px rgba(15,35,55,0.07);; --column-width:6;\" data-width=\"6\" data-bt-override-class=\"{}\"><div class=\"bt_bb_column_content\"><div class=\"bt_bb_column_content_inner\"><header class=\"bt_bb_headline bt_bb_dash_no bt_bb_size_small bt_bb_align_left\" data-bt-override-class=\"{}\"><h4 class=\"bt_bb_headline_tag\"><span class=\"bt_bb_headline_content\"><span>Steuerbares Programm<\/span><\/span><\/h4><\/header><div  class=\"bt_bb_text bt-card\" ><\/p>\n<p>Programme mit klaren Priorit\u00e4ten, belastbarem Reporting und sauberer Abh\u00e4ngigkeitssicht.<\/p>\n<p>\n<\/div><\/div><\/div><\/div><\/div><\/div><div class=\"bt_bb_separator bt_bb_border_style_none bt_bb_top_spacing_small bt_bb_bottom_spacing_small\" data-bt-override-class=\"null\"><\/div><div class=\"bt_bb_row  bt_bb_column_gap_small\"  data-bt-override-class=\"{}\"><div class=\"bt_bb_row_holder\" style=\"; 0\"><div  class=\"bt_bb_column col-xxl-6 col-xl-6 bt_bb_vertical_align_top bt_bb_align_left bt_bb_padding_normal\" style=\"background-color:#ffffff;padding:32px 28px;border-radius:2px;box-shadow:0 2px 14px rgba(15,35,55,0.07);; --column-width:6;\" data-width=\"6\" data-bt-override-class=\"{}\"><div class=\"bt_bb_column_content\"><div class=\"bt_bb_column_content_inner\"><header class=\"bt_bb_headline bt_bb_dash_no bt_bb_size_small bt_bb_align_left\" data-bt-override-class=\"{}\"><h4 class=\"bt_bb_headline_tag\"><span class=\"bt_bb_headline_content\"><span>Funktionierendes Operating Model<\/span><\/span><\/h4><\/header><div  class=\"bt_bb_text bt-card\" ><\/p>\n<p>Strukturen, Rollen und Prozesse, die zur neuen Realit\u00e4t passen \u2014 und im Alltag funktionieren.<\/p>\n<p>\n<\/div><\/div><\/div><\/div><div  class=\"bt_bb_column col-xxl-6 col-xl-6 bt_bb_vertical_align_top bt_bb_align_left bt_bb_padding_normal\" style=\"background-color:#ffffff;padding:32px 28px;border-radius:2px;box-shadow:0 2px 14px rgba(15,35,55,0.07);; --column-width:6;\" data-width=\"6\" data-bt-override-class=\"{}\"><div class=\"bt_bb_column_content\"><div class=\"bt_bb_column_content_inner\"><header class=\"bt_bb_headline bt_bb_dash_no bt_bb_size_small bt_bb_align_left\" data-bt-override-class=\"{}\"><h4 class=\"bt_bb_headline_tag\"><span class=\"bt_bb_headline_content\"><span>Bef\u00e4higte Teams<\/span><\/span><\/h4><\/header><div  class=\"bt_bb_text bt-card\" ><\/p>\n<p>Teams, die Ver\u00e4nderung mittragen, weil sie verstanden haben, wohin es geht und warum.<\/p>\n<p>\n<\/div><\/div><\/div><\/div><\/div><\/div><\/div><!-- cell_inner --><\/div><!-- cell --><\/div><!-- port --><\/section><section id=\"dt-cta\" class=\"bt_bb_section bt_bb_color_scheme_1 bt_bb_layout_wide bt_bb_vertical_align_top bt_bb_top_spacing_medium bt_bb_bottom_spacing_medium\" style=\"; --section-primary-color:#ffffff; --section-secondary-color:#191919;;background-color:#2F4A5C;\" data-bt-override-class=\"null\"><div class=\"bt_bb_port\"><div class=\"bt_bb_cell\"><div class=\"bt_bb_cell_inner\"><div class=\"bt_bb_row\"  data-bt-override-class=\"{}\"><div class=\"bt_bb_row_holder\" style=\"; 0\"><div  class=\"bt_bb_column col-xxl-12 col-xl-12 bt_bb_vertical_align_top bt_bb_align_left bt_bb_padding_normal\" style=\"; --column-width:12;\" data-width=\"12\" data-bt-override-class=\"{}\"><div class=\"bt_bb_column_content\"><div class=\"bt_bb_column_content_inner\"><header class=\"bt_bb_headline bt_bb_dash_no bt_bb_size_large bt_bb_align_center\" data-bt-override-class=\"{}\"><h2 class=\"bt_bb_headline_tag\"><span class=\"bt_bb_headline_content\"><span>Sprechen wir \u00fcber Ihr Vorhaben<\/span><\/span><\/h2><\/header><div class=\"bt_bb_separator bt_bb_border_style_none bt_bb_top_spacing_small bt_bb_bottom_spacing_small\" data-bt-override-class=\"null\"><\/div><div  class=\"bt_bb_text bt-lead\" ><\/p>\n<p style=\"text-align:center;\">30 Minuten, kostenlos und unverbindlich. Wir h\u00f6ren zu, sortieren mit Ihnen die Ausgangslage und sagen Ihnen offen, wie wir helfen k\u00f6nnen.<\/p>\n<p>\n<\/div><div class=\"bt_bb_separator bt_bb_border_style_none bt_bb_top_spacing_small bt_bb_bottom_spacing_small\" data-bt-override-class=\"null\"><\/div><\/p>\n<div style=\"text-align:center;\"><div class=\"bt_bb_button bt_bb_color_scheme_6 bt_bb_icon_position_right bt_bb_style_filled bt_bb_size_medium bt_bb_width_inline bt_bb_shape_inherit bt_bb_target_blank bt_bb_align_inherit\" style=\"; --primary-color:#ffffff; --secondary-color:#e94d65;\" data-bt-override-class=\"{}\"><a href=\"https:\/\/zeeg.me\/husoguz\/30min-meeting\" target=\"_blank\" class=\"bt_bb_link\" title=\"Kostenloses Erstgespr\u00e4ch buchen\"><span class=\"bt_bb_button_text\" >Kostenloses Erstgespr\u00e4ch buchen<\/span><\/a><\/div><\/div>\n<p><\/div><\/div><\/div><\/div><\/div><\/div><!-- cell_inner --><\/div><!-- cell --><\/div><!-- port --><\/section><\/p>","protected":false},"excerpt":{"rendered":"","protected":false},"author":1,"featured_media":0,"parent":0,"menu_order":0,"comment_status":"closed","ping_status":"closed","template":"","meta":{"footnotes":""},"class_list":["post-2334","page","type-page","status-publish","hentry"],"_links":{"self":[{"href":"https:\/\/oguz-consulting.com\/en\/wp-json\/wp\/v2\/pages\/2334","targetHints":{"allow":["GET"]}}],"collection":[{"href":"https:\/\/oguz-consulting.com\/en\/wp-json\/wp\/v2\/pages"}],"about":[{"href":"https:\/\/oguz-consulting.com\/en\/wp-json\/wp\/v2\/types\/page"}],"author":[{"embeddable":true,"href":"https:\/\/oguz-consulting.com\/en\/wp-json\/wp\/v2\/users\/1"}],"replies":[{"embeddable":true,"href":"https:\/\/oguz-consulting.com\/en\/wp-json\/wp\/v2\/comments?post=2334"}],"version-history":[{"count":12,"href":"https:\/\/oguz-consulting.com\/en\/wp-json\/wp\/v2\/pages\/2334\/revisions"}],"predecessor-version":[{"id":2726,"href":"https:\/\/oguz-consulting.com\/en\/wp-json\/wp\/v2\/pages\/2334\/revisions\/2726"}],"wp:attachment":[{"href":"https:\/\/oguz-consulting.com\/en\/wp-json\/wp\/v2\/media?parent=2334"}],"curies":[{"name":"wp","href":"https:\/\/api.w.org\/{rel}","templated":true}]}}