{"id":2338,"date":"2019-12-19T13:46:25","date_gmt":"2019-12-19T12:46:25","guid":{"rendered":"http:\/\/oguz-consulting.com\/?page_id=2338"},"modified":"2026-04-11T21:51:31","modified_gmt":"2026-04-11T19:51:31","slug":"audits-certificarions","status":"publish","type":"page","link":"https:\/\/oguz-consulting.com\/en\/audits-certificarions\/","title":{"rendered":"Cybersecurity Governance"},"content":{"rendered":"<p><section id=\"cg-hero\" class=\"bt_bb_section bt_bb_color_scheme_1 bt_bb_layout_wide bt_bb_vertical_align_top bt_bb_top_spacing_medium bt_bb_bottom_spacing_medium\" style=\"; --section-primary-color:#ffffff; --section-secondary-color:#191919;;background-color:#2F4A5C;\" data-bt-override-class=\"null\"><div class=\"bt_bb_port\"><div class=\"bt_bb_cell\"><div class=\"bt_bb_cell_inner\"><div class=\"bt_bb_row\"  data-bt-override-class=\"{}\"><div class=\"bt_bb_row_holder\" style=\"; 0\"><div  class=\"bt_bb_column col-xxl-12 col-xl-12 bt_bb_vertical_align_top bt_bb_align_left bt_bb_padding_normal\" style=\"; --column-width:12;\" data-width=\"12\" data-bt-override-class=\"{}\"><div class=\"bt_bb_column_content\"><div class=\"bt_bb_column_content_inner\"><\/p>\n<style>\n.bt-page-headline { display: none !important; }\n#cg-hero .bt_bb_headline h1 { font-size: 44px !important; line-height: 1.2 !important; font-weight: 700 !important; }\n.bt-card-h h4 { font-size: 18px !important; font-weight: 600 !important; margin-bottom: 8px !important; }\n.bt-lead p { font-size: 18px !important; line-height: 1.65 !important; max-width: 760px; margin-left: auto; margin-right: auto; }\n.bt-card p { font-size: 15px !important; line-height: 1.6 !important; color: #4a5b6a !important; margin: 0 !important; }\n.bt-step-num h4 { color: #D45C63 !important; font-size: 32px !important; font-weight: 700 !important; margin-bottom: 4px !important; }\n@media (max-width: 768px) { #cg-hero .bt_bb_headline h1 { font-size: 30px !important; } }\n<\/style>\n<p><header class=\"bt_bb_headline bt_bb_dash_no bt_bb_size_xlarge bt_bb_align_center\" data-bt-override-class=\"{}\"><h1 class=\"bt_bb_headline_tag\"><span class=\"bt_bb_headline_content\"><span>Cybersecurity-Governance<\/span><\/span><\/h1><\/header><div class=\"bt_bb_separator bt_bb_border_style_none bt_bb_top_spacing_small bt_bb_bottom_spacing_small\" data-bt-override-class=\"null\"><\/div><div  class=\"bt_bb_text bt-lead\" ><\/p>\n<p style=\"text-align:center;\">Wir bauen Governance-Strukturen f\u00fcr ISO 27001, NIS2 und vergleichbare Standards \u2014 pragmatisch, klar verst\u00e4ndlich und so verankert, dass sie im Tagesgesch\u00e4ft tats\u00e4chlich gelebt werden.<\/p>\n<p>\n<\/div><\/div><\/div><\/div><\/div><\/div><\/div><!-- cell_inner --><\/div><!-- cell --><\/div><!-- port --><\/section><section id=\"cg-problem\" class=\"bt_bb_section bt_bb_layout_wide bt_bb_vertical_align_top bt_bb_top_spacing_small bt_bb_bottom_spacing_small\" style=\";background-color:#F7F7F7;\" data-bt-override-class=\"null\"><div class=\"bt_bb_port\"><div class=\"bt_bb_cell\"><div class=\"bt_bb_cell_inner\"><div class=\"bt_bb_row\"  data-bt-override-class=\"{}\"><div class=\"bt_bb_row_holder\" style=\"; 0\"><div  class=\"bt_bb_column col-xxl-12 col-xl-12 bt_bb_vertical_align_top bt_bb_align_left bt_bb_padding_normal\" style=\"; --column-width:12;\" data-width=\"12\" data-bt-override-class=\"{}\"><div class=\"bt_bb_column_content\"><div class=\"bt_bb_column_content_inner\"><header class=\"bt_bb_headline bt_bb_dash_no bt_bb_size_medium bt_bb_align_center\" data-bt-override-class=\"{}\"><h2 class=\"bt_bb_headline_tag\"><span class=\"bt_bb_headline_content\"><span>Wo Organisationen ins Stocken geraten<\/span><\/span><\/h2><\/header><div class=\"bt_bb_separator bt_bb_border_style_none bt_bb_top_spacing_small bt_bb_bottom_spacing_small\" data-bt-override-class=\"null\"><\/div><div  class=\"bt_bb_text bt-lead\" ><\/p>\n<p style=\"text-align:center;\">Die typischen Muster, die wir bei mittelst\u00e4ndischen Unternehmen und Konzernen sehen:<\/p>\n<p>\n<\/div><div class=\"bt_bb_separator bt_bb_border_style_none bt_bb_top_spacing_small bt_bb_bottom_spacing_small\" data-bt-override-class=\"null\"><\/div><\/div><\/div><\/div><\/div><\/div><div class=\"bt_bb_row  bt_bb_column_gap_small\"  data-bt-override-class=\"{}\"><div class=\"bt_bb_row_holder\" style=\"; 0\"><div  class=\"bt_bb_column col-xxl-6 col-xl-6 bt_bb_vertical_align_top bt_bb_align_left bt_bb_padding_normal\" style=\"background-color:#ffffff;padding:32px 28px;border-radius:2px;box-shadow:0 2px 14px rgba(15,35,55,0.07);; --column-width:6;\" data-width=\"6\" data-bt-override-class=\"{}\"><div class=\"bt_bb_column_content\"><div class=\"bt_bb_column_content_inner\"><header class=\"bt_bb_headline bt_bb_dash_no bt_bb_size_small bt_bb_align_left\" data-bt-override-class=\"{}\"><h4 class=\"bt_bb_headline_tag\"><span class=\"bt_bb_headline_content\"><span>Richtlinien ohne Wirkung<\/span><\/span><\/h4><\/header><div  class=\"bt_bb_text bt-card\" ><\/p>\n<p>Umfassende Policy-Sets liegen im Intranet \u2014 werden aber im Tagesgesch\u00e4ft kaum angewendet.<\/p>\n<p>\n<\/div><\/div><\/div><\/div><div  class=\"bt_bb_column col-xxl-6 col-xl-6 bt_bb_vertical_align_top bt_bb_align_left bt_bb_padding_normal\" style=\"background-color:#ffffff;padding:32px 28px;border-radius:2px;box-shadow:0 2px 14px rgba(15,35,55,0.07);; --column-width:6;\" data-width=\"6\" data-bt-override-class=\"{}\"><div class=\"bt_bb_column_content\"><div class=\"bt_bb_column_content_inner\"><header class=\"bt_bb_headline bt_bb_dash_no bt_bb_size_small bt_bb_align_left\" data-bt-override-class=\"{}\"><h4 class=\"bt_bb_headline_tag\"><span class=\"bt_bb_headline_content\"><span>Unklare Verantwortlichkeiten<\/span><\/span><\/h4><\/header><div  class=\"bt_bb_text bt-card\" ><\/p>\n<p>Niemand wei\u00df genau, wer f\u00fcr welches Risiko, welche Ma\u00dfnahme oder welche Entscheidung zust\u00e4ndig ist.<\/p>\n<p>\n<\/div><\/div><\/div><\/div><\/div><\/div><div class=\"bt_bb_separator bt_bb_border_style_none bt_bb_top_spacing_small bt_bb_bottom_spacing_small\" data-bt-override-class=\"null\"><\/div><div class=\"bt_bb_row  bt_bb_column_gap_small\"  data-bt-override-class=\"{}\"><div class=\"bt_bb_row_holder\" style=\"; 0\"><div  class=\"bt_bb_column col-xxl-6 col-xl-6 bt_bb_vertical_align_top bt_bb_align_left bt_bb_padding_normal\" style=\"background-color:#ffffff;padding:32px 28px;border-radius:2px;box-shadow:0 2px 14px rgba(15,35,55,0.07);; --column-width:6;\" data-width=\"6\" data-bt-override-class=\"{}\"><div class=\"bt_bb_column_content\"><div class=\"bt_bb_column_content_inner\"><header class=\"bt_bb_headline bt_bb_dash_no bt_bb_size_small bt_bb_align_left\" data-bt-override-class=\"{}\"><h4 class=\"bt_bb_headline_tag\"><span class=\"bt_bb_headline_content\"><span>Compliance ohne Plan<\/span><\/span><\/h4><\/header><div  class=\"bt_bb_text bt-card\" ><\/p>\n<p>NIS2-Frist, ISO-Rezertifizierung, neue regulatorische Anforderungen \u2014 und kein realistischer Umsetzungspfad.<\/p>\n<p>\n<\/div><\/div><\/div><\/div><div  class=\"bt_bb_column col-xxl-6 col-xl-6 bt_bb_vertical_align_top bt_bb_align_left bt_bb_padding_normal\" style=\"background-color:#ffffff;padding:32px 28px;border-radius:2px;box-shadow:0 2px 14px rgba(15,35,55,0.07);; --column-width:6;\" data-width=\"6\" data-bt-override-class=\"{}\"><div class=\"bt_bb_column_content\"><div class=\"bt_bb_column_content_inner\"><header class=\"bt_bb_headline bt_bb_dash_no bt_bb_size_small bt_bb_align_left\" data-bt-override-class=\"{}\"><h4 class=\"bt_bb_headline_tag\"><span class=\"bt_bb_headline_content\"><span>Audit-Mode statt Betriebs-Mode<\/span><\/span><\/h4><\/header><div  class=\"bt_bb_text bt-card\" ><\/p>\n<p>Vor dem Audit wird gefiebert, danach bleibt alles wie vorher. Risiken werden nicht aktiv gemanagt.<\/p>\n<p>\n<\/div><\/div><\/div><\/div><\/div><\/div><\/div><!-- cell_inner --><\/div><!-- cell --><\/div><!-- port --><\/section><section id=\"cg-help\" class=\"bt_bb_section bt_bb_layout_wide bt_bb_vertical_align_top bt_bb_top_spacing_small bt_bb_bottom_spacing_small\" style=\";background-color:#FFFFFF;\" data-bt-override-class=\"null\"><div class=\"bt_bb_port\"><div class=\"bt_bb_cell\"><div class=\"bt_bb_cell_inner\"><div class=\"bt_bb_row\"  data-bt-override-class=\"{}\"><div class=\"bt_bb_row_holder\" style=\"; 0\"><div  class=\"bt_bb_column col-xxl-12 col-xl-12 bt_bb_vertical_align_top bt_bb_align_left bt_bb_padding_normal\" style=\"; --column-width:12;\" data-width=\"12\" data-bt-override-class=\"{}\"><div class=\"bt_bb_column_content\"><div class=\"bt_bb_column_content_inner\"><header class=\"bt_bb_headline bt_bb_dash_no bt_bb_size_medium bt_bb_align_center\" data-bt-override-class=\"{}\"><h2 class=\"bt_bb_headline_tag\"><span class=\"bt_bb_headline_content\"><span>Womit wir konkret helfen<\/span><\/span><\/h2><\/header><div class=\"bt_bb_separator bt_bb_border_style_none bt_bb_top_spacing_small bt_bb_bottom_spacing_small\" data-bt-override-class=\"null\"><\/div><div  class=\"bt_bb_text bt-lead\" ><\/p>\n<p style=\"text-align:center;\">Sechs Kernleistungen \u2014 buchbar einzeln oder als zusammenh\u00e4ngender Pfad:<\/p>\n<p>\n<\/div><div class=\"bt_bb_separator bt_bb_border_style_none bt_bb_top_spacing_small bt_bb_bottom_spacing_small\" data-bt-override-class=\"null\"><\/div><\/div><\/div><\/div><\/div><\/div><div class=\"bt_bb_row  bt_bb_column_gap_small\"  data-bt-override-class=\"{}\"><div class=\"bt_bb_row_holder\" style=\"; 0\"><div  class=\"bt_bb_column col-xxl-4 col-xl-4 bt_bb_vertical_align_top bt_bb_align_left bt_bb_padding_normal\" style=\"background-color:#ffffff;padding:32px 28px;border-radius:2px;box-shadow:0 2px 14px rgba(15,35,55,0.07);; --column-width:4;\" data-width=\"4\" data-bt-override-class=\"{}\"><div class=\"bt_bb_column_content\"><div class=\"bt_bb_column_content_inner\"><header class=\"bt_bb_headline bt_bb_dash_no bt_bb_size_small bt_bb_align_left\" data-bt-override-class=\"{}\"><h4 class=\"bt_bb_headline_tag\"><span class=\"bt_bb_headline_content\"><span>Security-Governance-Assessment<\/span><\/span><\/h4><\/header><div  class=\"bt_bb_text bt-card\" ><\/p>\n<p>Strukturierte Standortbestimmung Ihrer aktuellen Governance, Risiken und L\u00fccken.<\/p>\n<p>\n<\/div><\/div><\/div><\/div><div  class=\"bt_bb_column col-xxl-4 col-xl-4 bt_bb_vertical_align_top bt_bb_align_left bt_bb_padding_normal\" style=\"background-color:#ffffff;padding:32px 28px;border-radius:2px;box-shadow:0 2px 14px rgba(15,35,55,0.07);; --column-width:4;\" data-width=\"4\" data-bt-override-class=\"{}\"><div class=\"bt_bb_column_content\"><div class=\"bt_bb_column_content_inner\"><header class=\"bt_bb_headline bt_bb_dash_no bt_bb_size_small bt_bb_align_left\" data-bt-override-class=\"{}\"><h4 class=\"bt_bb_headline_tag\"><span class=\"bt_bb_headline_content\"><span>ISO 27001 \/ NIS2 Readiness<\/span><\/span><\/h4><\/header><div  class=\"bt_bb_text bt-card\" ><\/p>\n<p>Klare Gap-Analyse und priorisierter Umsetzungsplan zur Erf\u00fcllung der Anforderungen.<\/p>\n<p>\n<\/div><\/div><\/div><\/div><div  class=\"bt_bb_column col-xxl-4 col-xl-4 bt_bb_vertical_align_top bt_bb_align_left bt_bb_padding_normal\" style=\"background-color:#ffffff;padding:32px 28px;border-radius:2px;box-shadow:0 2px 14px rgba(15,35,55,0.07);; --column-width:4;\" data-width=\"4\" data-bt-override-class=\"{}\"><div class=\"bt_bb_column_content\"><div class=\"bt_bb_column_content_inner\"><header class=\"bt_bb_headline bt_bb_dash_no bt_bb_size_small bt_bb_align_left\" data-bt-override-class=\"{}\"><h4 class=\"bt_bb_headline_tag\"><span class=\"bt_bb_headline_content\"><span>Governance-Design<\/span><\/span><\/h4><\/header><div  class=\"bt_bb_text bt-card\" ><\/p>\n<p>Ma\u00dfgeschneidertes Zielbild mit Rollen, Prozessen, Richtlinien und Steuerungsgremien.<\/p>\n<p>\n<\/div><\/div><\/div><\/div><\/div><\/div><div class=\"bt_bb_separator bt_bb_border_style_none bt_bb_top_spacing_small bt_bb_bottom_spacing_small\" data-bt-override-class=\"null\"><\/div><div class=\"bt_bb_row  bt_bb_column_gap_small\"  data-bt-override-class=\"{}\"><div class=\"bt_bb_row_holder\" style=\"; 0\"><div  class=\"bt_bb_column col-xxl-4 col-xl-4 bt_bb_vertical_align_top bt_bb_align_left bt_bb_padding_normal\" style=\"background-color:#ffffff;padding:32px 28px;border-radius:2px;box-shadow:0 2px 14px rgba(15,35,55,0.07);; --column-width:4;\" data-width=\"4\" data-bt-override-class=\"{}\"><div class=\"bt_bb_column_content\"><div class=\"bt_bb_column_content_inner\"><header class=\"bt_bb_headline bt_bb_dash_no bt_bb_size_small bt_bb_align_left\" data-bt-override-class=\"{}\"><h4 class=\"bt_bb_headline_tag\"><span class=\"bt_bb_headline_content\"><span>Risikomanagement<\/span><\/span><\/h4><\/header><div  class=\"bt_bb_text bt-card\" ><\/p>\n<p>Aufbau eines schlanken, betriebstauglichen Risikomanagement-Prozesses \u2014 kein Excel-Friedhof.<\/p>\n<p>\n<\/div><\/div><\/div><\/div><div  class=\"bt_bb_column col-xxl-4 col-xl-4 bt_bb_vertical_align_top bt_bb_align_left bt_bb_padding_normal\" style=\"background-color:#ffffff;padding:32px 28px;border-radius:2px;box-shadow:0 2px 14px rgba(15,35,55,0.07);; --column-width:4;\" data-width=\"4\" data-bt-override-class=\"{}\"><div class=\"bt_bb_column_content\"><div class=\"bt_bb_column_content_inner\"><header class=\"bt_bb_headline bt_bb_dash_no bt_bb_size_small bt_bb_align_left\" data-bt-override-class=\"{}\"><h4 class=\"bt_bb_headline_tag\"><span class=\"bt_bb_headline_content\"><span>Audit-Vorbereitung<\/span><\/span><\/h4><\/header><div  class=\"bt_bb_text bt-card\" ><\/p>\n<p>Begleitung durch interne Audits, Zertifizierungen und beh\u00f6rdliche Pr\u00fcfungen \u2014 von der Vorbereitung bis zum Bericht.<\/p>\n<p>\n<\/div><\/div><\/div><\/div><div  class=\"bt_bb_column col-xxl-4 col-xl-4 bt_bb_vertical_align_top bt_bb_align_left bt_bb_padding_normal\" style=\"background-color:#ffffff;padding:32px 28px;border-radius:2px;box-shadow:0 2px 14px rgba(15,35,55,0.07);; --column-width:4;\" data-width=\"4\" data-bt-override-class=\"{}\"><div class=\"bt_bb_column_content\"><div class=\"bt_bb_column_content_inner\"><header class=\"bt_bb_headline bt_bb_dash_no bt_bb_size_small bt_bb_align_left\" data-bt-override-class=\"{}\"><h4 class=\"bt_bb_headline_tag\"><span class=\"bt_bb_headline_content\"><span>Umsetzungsbegleitung<\/span><\/span><\/h4><\/header><div  class=\"bt_bb_text bt-card\" ><\/p>\n<p>Hands-on-Unterst\u00fctzung in der Einf\u00fchrung \u2014 bis Governance im Tagesgesch\u00e4ft verankert ist.<\/p>\n<p>\n<\/div><\/div><\/div><\/div><\/div><\/div><\/div><!-- cell_inner --><\/div><!-- cell --><\/div><!-- port --><\/section><section id=\"cg-how\" class=\"bt_bb_section bt_bb_layout_wide bt_bb_vertical_align_top bt_bb_top_spacing_small bt_bb_bottom_spacing_small\" style=\";background-color:#F7F7F7;\" data-bt-override-class=\"null\"><div class=\"bt_bb_port\"><div class=\"bt_bb_cell\"><div class=\"bt_bb_cell_inner\"><div class=\"bt_bb_row\"  data-bt-override-class=\"{}\"><div class=\"bt_bb_row_holder\" style=\"; 0\"><div  class=\"bt_bb_column col-xxl-12 col-xl-12 bt_bb_vertical_align_top bt_bb_align_left bt_bb_padding_normal\" style=\"; --column-width:12;\" data-width=\"12\" data-bt-override-class=\"{}\"><div class=\"bt_bb_column_content\"><div class=\"bt_bb_column_content_inner\"><header class=\"bt_bb_headline bt_bb_dash_no bt_bb_size_medium bt_bb_align_center\" data-bt-override-class=\"{}\"><h2 class=\"bt_bb_headline_tag\"><span class=\"bt_bb_headline_content\"><span>Wie wir arbeiten<\/span><\/span><\/h2><\/header><div class=\"bt_bb_separator bt_bb_border_style_none bt_bb_top_spacing_small bt_bb_bottom_spacing_small\" data-bt-override-class=\"null\"><\/div><div  class=\"bt_bb_text bt-lead\" ><\/p>\n<p style=\"text-align:center;\">Drei klar strukturierte Phasen \u2014 ohne Endlos-Workshops, ohne Theorie ohne Wirkung.<\/p>\n<p>\n<\/div><div class=\"bt_bb_separator bt_bb_border_style_none bt_bb_top_spacing_small bt_bb_bottom_spacing_small\" data-bt-override-class=\"null\"><\/div><\/div><\/div><\/div><\/div><\/div><div class=\"bt_bb_row  bt_bb_column_gap_small\"  data-bt-override-class=\"{}\"><div class=\"bt_bb_row_holder\" style=\"; 0\"><div  class=\"bt_bb_column col-xxl-4 col-xl-4 bt_bb_vertical_align_top bt_bb_align_left bt_bb_padding_normal\" style=\"background-color:#ffffff;padding:32px 28px;border-radius:2px;box-shadow:0 2px 14px rgba(15,35,55,0.07);; --column-width:4;\" data-width=\"4\" data-bt-override-class=\"{}\"><div class=\"bt_bb_column_content\"><div class=\"bt_bb_column_content_inner\"><header class=\"bt_bb_headline bt-step-num bt_bb_dash_no bt_bb_size_small bt_bb_align_center bt-step-num\" data-bt-override-class=\"{}\"><h4 class=\"bt_bb_headline_tag\"><span class=\"bt_bb_headline_content\"><span>01<\/span><\/span><\/h4><\/header><header class=\"bt_bb_headline bt_bb_dash_no bt_bb_size_small bt_bb_align_center\" data-bt-override-class=\"{}\"><h4 class=\"bt_bb_headline_tag\"><span class=\"bt_bb_headline_content\"><span>Verstehen<\/span><\/span><\/h4><\/header><div  class=\"bt_bb_text bt-card\" ><\/p>\n<p style=\"text-align:center;\">Wir analysieren Ihre Organisation, Risiken und bestehende Governance-Elemente \u2014 strukturiert und in vier bis sechs Wochen.<\/p>\n<p>\n<\/div><\/div><\/div><\/div><div  class=\"bt_bb_column col-xxl-4 col-xl-4 bt_bb_vertical_align_top bt_bb_align_left bt_bb_padding_normal\" style=\"background-color:#ffffff;padding:32px 28px;border-radius:2px;box-shadow:0 2px 14px rgba(15,35,55,0.07);; --column-width:4;\" data-width=\"4\" data-bt-override-class=\"{}\"><div class=\"bt_bb_column_content\"><div class=\"bt_bb_column_content_inner\"><header class=\"bt_bb_headline bt-step-num bt_bb_dash_no bt_bb_size_small bt_bb_align_center bt-step-num\" data-bt-override-class=\"{}\"><h4 class=\"bt_bb_headline_tag\"><span class=\"bt_bb_headline_content\"><span>02<\/span><\/span><\/h4><\/header><header class=\"bt_bb_headline bt_bb_dash_no bt_bb_size_small bt_bb_align_center\" data-bt-override-class=\"{}\"><h4 class=\"bt_bb_headline_tag\"><span class=\"bt_bb_headline_content\"><span>Gestalten<\/span><\/span><\/h4><\/header><div  class=\"bt_bb_text bt-card\" ><\/p>\n<p style=\"text-align:center;\">Wir entwerfen ein passgenaues Governance-Modell mit Rollen, Prozessen und Richtlinien \u2014 abgestimmt auf Ihre Realit\u00e4t.<\/p>\n<p>\n<\/div><\/div><\/div><\/div><div  class=\"bt_bb_column col-xxl-4 col-xl-4 bt_bb_vertical_align_top bt_bb_align_left bt_bb_padding_normal\" style=\"background-color:#ffffff;padding:32px 28px;border-radius:2px;box-shadow:0 2px 14px rgba(15,35,55,0.07);; --column-width:4;\" data-width=\"4\" data-bt-override-class=\"{}\"><div class=\"bt_bb_column_content\"><div class=\"bt_bb_column_content_inner\"><header class=\"bt_bb_headline bt-step-num bt_bb_dash_no bt_bb_size_small bt_bb_align_center bt-step-num\" data-bt-override-class=\"{}\"><h4 class=\"bt_bb_headline_tag\"><span class=\"bt_bb_headline_content\"><span>03<\/span><\/span><\/h4><\/header><header class=\"bt_bb_headline bt_bb_dash_no bt_bb_size_small bt_bb_align_center\" data-bt-override-class=\"{}\"><h4 class=\"bt_bb_headline_tag\"><span class=\"bt_bb_headline_content\"><span>Verankern<\/span><\/span><\/h4><\/header><div  class=\"bt_bb_text bt-card\" ><\/p>\n<p style=\"text-align:center;\">Wir begleiten die Einf\u00fchrung im Alltag, bis Governance gelebt wird \u2014 nicht nur dokumentiert.<\/p>\n<p>\n<\/div><\/div><\/div><\/div><\/div><\/div><\/div><!-- cell_inner --><\/div><!-- cell --><\/div><!-- port --><\/section><section id=\"cg-get\" class=\"bt_bb_section bt_bb_layout_wide bt_bb_vertical_align_top bt_bb_top_spacing_small bt_bb_bottom_spacing_small\" style=\";background-color:#FFFFFF;\" data-bt-override-class=\"null\"><div class=\"bt_bb_port\"><div class=\"bt_bb_cell\"><div class=\"bt_bb_cell_inner\"><div class=\"bt_bb_row\"  data-bt-override-class=\"{}\"><div class=\"bt_bb_row_holder\" style=\"; 0\"><div  class=\"bt_bb_column col-xxl-12 col-xl-12 bt_bb_vertical_align_top bt_bb_align_left bt_bb_padding_normal\" style=\"; --column-width:12;\" data-width=\"12\" data-bt-override-class=\"{}\"><div class=\"bt_bb_column_content\"><div class=\"bt_bb_column_content_inner\"><header class=\"bt_bb_headline bt_bb_dash_no bt_bb_size_medium bt_bb_align_center\" data-bt-override-class=\"{}\"><h2 class=\"bt_bb_headline_tag\"><span class=\"bt_bb_headline_content\"><span>Was Kunden am Ende haben<\/span><\/span><\/h2><\/header><div class=\"bt_bb_separator bt_bb_border_style_none bt_bb_top_spacing_small bt_bb_bottom_spacing_small\" data-bt-override-class=\"null\"><\/div><\/div><\/div><\/div><\/div><\/div><div class=\"bt_bb_row  bt_bb_column_gap_small\"  data-bt-override-class=\"{}\"><div class=\"bt_bb_row_holder\" style=\"; 0\"><div  class=\"bt_bb_column col-xxl-6 col-xl-6 bt_bb_vertical_align_top bt_bb_align_left bt_bb_padding_normal\" style=\"background-color:#ffffff;padding:32px 28px;border-radius:2px;box-shadow:0 2px 14px rgba(15,35,55,0.07);; --column-width:6;\" data-width=\"6\" data-bt-override-class=\"{}\"><div class=\"bt_bb_column_content\"><div class=\"bt_bb_column_content_inner\"><header class=\"bt_bb_headline bt_bb_dash_no bt_bb_size_small bt_bb_align_left\" data-bt-override-class=\"{}\"><h4 class=\"bt_bb_headline_tag\"><span class=\"bt_bb_headline_content\"><span>Klarheit \u00fcber Risiken<\/span><\/span><\/h4><\/header><div  class=\"bt_bb_text bt-card\" ><\/p>\n<p>Eine ehrliche, priorisierte Sicht auf das, was wirklich relevant ist \u2014 keine Risiko-Inflation, keine blinden Flecken.<\/p>\n<p>\n<\/div><\/div><\/div><\/div><div  class=\"bt_bb_column col-xxl-6 col-xl-6 bt_bb_vertical_align_top bt_bb_align_left bt_bb_padding_normal\" style=\"background-color:#ffffff;padding:32px 28px;border-radius:2px;box-shadow:0 2px 14px rgba(15,35,55,0.07);; --column-width:6;\" data-width=\"6\" data-bt-override-class=\"{}\"><div class=\"bt_bb_column_content\"><div class=\"bt_bb_column_content_inner\"><header class=\"bt_bb_headline bt_bb_dash_no bt_bb_size_small bt_bb_align_left\" data-bt-override-class=\"{}\"><h4 class=\"bt_bb_headline_tag\"><span class=\"bt_bb_headline_content\"><span>Tragf\u00e4hige Strukturen<\/span><\/span><\/h4><\/header><div  class=\"bt_bb_text bt-card\" ><\/p>\n<p>Governance-Prozesse, die im Alltag funktionieren \u2014 auch ohne externe Berater im Raum.<\/p>\n<p>\n<\/div><\/div><\/div><\/div><\/div><\/div><div class=\"bt_bb_separator bt_bb_border_style_none bt_bb_top_spacing_small bt_bb_bottom_spacing_small\" data-bt-override-class=\"null\"><\/div><div class=\"bt_bb_row  bt_bb_column_gap_small\"  data-bt-override-class=\"{}\"><div class=\"bt_bb_row_holder\" style=\"; 0\"><div  class=\"bt_bb_column col-xxl-6 col-xl-6 bt_bb_vertical_align_top bt_bb_align_left bt_bb_padding_normal\" style=\"background-color:#ffffff;padding:32px 28px;border-radius:2px;box-shadow:0 2px 14px rgba(15,35,55,0.07);; --column-width:6;\" data-width=\"6\" data-bt-override-class=\"{}\"><div class=\"bt_bb_column_content\"><div class=\"bt_bb_column_content_inner\"><header class=\"bt_bb_headline bt_bb_dash_no bt_bb_size_small bt_bb_align_left\" data-bt-override-class=\"{}\"><h4 class=\"bt_bb_headline_tag\"><span class=\"bt_bb_headline_content\"><span>Auditf\u00e4higkeit<\/span><\/span><\/h4><\/header><div  class=\"bt_bb_text bt-card\" ><\/p>\n<p>Nachweisbare Erf\u00fcllung der Anforderungen aus ISO 27001, NIS2 oder branchenspezifischen Standards.<\/p>\n<p>\n<\/div><\/div><\/div><\/div><div  class=\"bt_bb_column col-xxl-6 col-xl-6 bt_bb_vertical_align_top bt_bb_align_left bt_bb_padding_normal\" style=\"background-color:#ffffff;padding:32px 28px;border-radius:2px;box-shadow:0 2px 14px rgba(15,35,55,0.07);; --column-width:6;\" data-width=\"6\" data-bt-override-class=\"{}\"><div class=\"bt_bb_column_content\"><div class=\"bt_bb_column_content_inner\"><header class=\"bt_bb_headline bt_bb_dash_no bt_bb_size_small bt_bb_align_left\" data-bt-override-class=\"{}\"><h4 class=\"bt_bb_headline_tag\"><span class=\"bt_bb_headline_content\"><span>Handlungsf\u00e4hige Teams<\/span><\/span><\/h4><\/header><div  class=\"bt_bb_text bt-card\" ><\/p>\n<p>Teams, die wissen, was zu tun ist \u2014 und es auch tun. Ohne dauerhafte Eskalation an die Gesch\u00e4ftsf\u00fchrung.<\/p>\n<p>\n<\/div><\/div><\/div><\/div><\/div><\/div><\/div><!-- cell_inner --><\/div><!-- cell --><\/div><!-- port --><\/section><section id=\"cg-cta\" class=\"bt_bb_section bt_bb_color_scheme_1 bt_bb_layout_wide bt_bb_vertical_align_top bt_bb_top_spacing_medium bt_bb_bottom_spacing_medium\" style=\"; --section-primary-color:#ffffff; --section-secondary-color:#191919;;background-color:#2F4A5C;\" data-bt-override-class=\"null\"><div class=\"bt_bb_port\"><div class=\"bt_bb_cell\"><div class=\"bt_bb_cell_inner\"><div class=\"bt_bb_row\"  data-bt-override-class=\"{}\"><div class=\"bt_bb_row_holder\" style=\"; 0\"><div  class=\"bt_bb_column col-xxl-12 col-xl-12 bt_bb_vertical_align_top bt_bb_align_left bt_bb_padding_normal\" style=\"; --column-width:12;\" data-width=\"12\" data-bt-override-class=\"{}\"><div class=\"bt_bb_column_content\"><div class=\"bt_bb_column_content_inner\"><header class=\"bt_bb_headline bt_bb_dash_no bt_bb_size_large bt_bb_align_center\" data-bt-override-class=\"{}\"><h2 class=\"bt_bb_headline_tag\"><span class=\"bt_bb_headline_content\"><span>Lassen Sie uns Ihre Ausgangslage sortieren<\/span><\/span><\/h2><\/header><div class=\"bt_bb_separator bt_bb_border_style_none bt_bb_top_spacing_small bt_bb_bottom_spacing_small\" data-bt-override-class=\"null\"><\/div><div  class=\"bt_bb_text bt-lead\" ><\/p>\n<p style=\"text-align:center;\">30 Minuten, kostenlos und unverbindlich. Wir h\u00f6ren zu, stellen die richtigen Fragen und sagen Ihnen offen, ob und wie wir helfen k\u00f6nnen.<\/p>\n<p>\n<\/div><div class=\"bt_bb_separator bt_bb_border_style_none bt_bb_top_spacing_small bt_bb_bottom_spacing_small\" data-bt-override-class=\"null\"><\/div><\/p>\n<div style=\"text-align:center;\"><div class=\"bt_bb_button bt_bb_color_scheme_6 bt_bb_icon_position_right bt_bb_style_filled bt_bb_size_medium bt_bb_width_inline bt_bb_shape_inherit bt_bb_target_blank bt_bb_align_inherit\" style=\"; --primary-color:#ffffff; --secondary-color:#e94d65;\" data-bt-override-class=\"{}\"><a href=\"https:\/\/zeeg.me\/husoguz\/30min-meeting\" target=\"_blank\" class=\"bt_bb_link\" title=\"Kostenloses Erstgespr\u00e4ch buchen\"><span class=\"bt_bb_button_text\" >Kostenloses Erstgespr\u00e4ch buchen<\/span><\/a><\/div><\/div>\n<p><\/div><\/div><\/div><\/div><\/div><\/div><!-- cell_inner --><\/div><!-- cell --><\/div><!-- port --><\/section><\/p>","protected":false},"excerpt":{"rendered":"","protected":false},"author":1,"featured_media":0,"parent":0,"menu_order":0,"comment_status":"closed","ping_status":"closed","template":"","meta":{"footnotes":""},"class_list":["post-2338","page","type-page","status-publish","hentry"],"_links":{"self":[{"href":"https:\/\/oguz-consulting.com\/en\/wp-json\/wp\/v2\/pages\/2338","targetHints":{"allow":["GET"]}}],"collection":[{"href":"https:\/\/oguz-consulting.com\/en\/wp-json\/wp\/v2\/pages"}],"about":[{"href":"https:\/\/oguz-consulting.com\/en\/wp-json\/wp\/v2\/types\/page"}],"author":[{"embeddable":true,"href":"https:\/\/oguz-consulting.com\/en\/wp-json\/wp\/v2\/users\/1"}],"replies":[{"embeddable":true,"href":"https:\/\/oguz-consulting.com\/en\/wp-json\/wp\/v2\/comments?post=2338"}],"version-history":[{"count":13,"href":"https:\/\/oguz-consulting.com\/en\/wp-json\/wp\/v2\/pages\/2338\/revisions"}],"predecessor-version":[{"id":2725,"href":"https:\/\/oguz-consulting.com\/en\/wp-json\/wp\/v2\/pages\/2338\/revisions\/2725"}],"wp:attachment":[{"href":"https:\/\/oguz-consulting.com\/en\/wp-json\/wp\/v2\/media?parent=2338"}],"curies":[{"name":"wp","href":"https:\/\/api.w.org\/{rel}","templated":true}]}}